{"id":836,"date":"2025-05-09T14:08:28","date_gmt":"2025-05-09T14:08:28","guid":{"rendered":"https:\/\/www.gisbe-uv.es\/workshop\/?page_id=836"},"modified":"2026-01-23T07:49:24","modified_gmt":"2026-01-23T07:49:24","slug":"7th_committees","status":"publish","type":"page","link":"https:\/\/www.gisbe-uv.es\/workshop\/7th_committees\/","title":{"rendered":"7th International Workshop &#8211; Committees"},"content":{"rendered":"<p>[et_pb_section fb_built=\u00bb1&#8243; _builder_version=\u00bb4.16&#8243; _module_preset=\u00bbdefault\u00bb custom_padding=\u00bb||19px|||\u00bb global_colors_info=\u00bb{}\u00bb][et_pb_row _builder_version=\u00bb4.16&#8243; _module_preset=\u00bbdefault\u00bb global_colors_info=\u00bb{}\u00bb][et_pb_column type=\u00bb4_4&#8243; _builder_version=\u00bb4.16&#8243; _module_preset=\u00bbdefault\u00bb global_colors_info=\u00bb{}\u00bb][et_pb_image src=\u00bbhttp:\/\/www.gisbe-uv.es\/workshop\/wp-content\/uploads\/sites\/2\/2025\/05\/7th_Workshop-2.png\u00bb title_text=\u00bb7th_Workshop\u00bb url=\u00bbhttps:\/\/www.gisbe-uv.es\/workshop\/5th_international_workshop_on_time_studies_in_childhood_and_youth\/\u00bb _builder_version=\u00bb4.27.4&#8243; _module_preset=\u00bbdefault\u00bb global_colors_info=\u00bb{}\u00bb][\/et_pb_image][\/et_pb_column][\/et_pb_row][et_pb_row _builder_version=\u00bb4.16&#8243; _module_preset=\u00bbdefault\u00bb global_colors_info=\u00bb{}\u00bb][et_pb_column type=\u00bb4_4&#8243; _builder_version=\u00bb4.16&#8243; _module_preset=\u00bbdefault\u00bb global_colors_info=\u00bb{}\u00bb][et_pb_text _builder_version=\u00bb4.27.4&#8243; _module_preset=\u00bbdefault\u00bb text_font=\u00bbOswald||||||||\u00bb text_text_color=\u00bb#FFFFFF\u00bb text_font_size=\u00bb27px\u00bb header_font=\u00bb||on||||||\u00bb header_text_color=\u00bb#FFFFFF\u00bb background_color=\u00bb#ffae47&#8243; text_orientation=\u00bbcenter\u00bb custom_padding=\u00bb24px||24px||false|false\u00bb border_radii=\u00bboff|42px||42px|\u00bb border_color_all=\u00bb#D35488&#8243; global_colors_info=\u00bb{}\u00bb]<\/p>\n<p>Committees<\/p>\n<p>[\/et_pb_text][\/et_pb_column][\/et_pb_row][et_pb_row _builder_version=\u00bb4.16&#8243; _module_preset=\u00bbdefault\u00bb global_colors_info=\u00bb{}\u00bb][et_pb_column type=\u00bb4_4&#8243; _builder_version=\u00bb4.16&#8243; _module_preset=\u00bbdefault\u00bb global_colors_info=\u00bb{}\u00bb][et_pb_text _builder_version=\u00bb4.27.4&#8243; _module_preset=\u00bbdefault\u00bb text_font=\u00bbOswald|600|||||||\u00bb text_text_color=\u00bb#ffae47&#8243; text_font_size=\u00bb26px\u00bb header_font=\u00bbOswald|600|||||||\u00bb header_text_color=\u00bb#FFFFFF\u00bb text_orientation=\u00bbcenter\u00bb global_colors_info=\u00bb{}\u00bb]<\/p>\n<p>Scientific Committee<\/p>\n<p>[\/et_pb_text][\/et_pb_column][\/et_pb_row][et_pb_row _builder_version=\u00bb4.16&#8243; _module_preset=\u00bbdefault\u00bb global_colors_info=\u00bb{}\u00bb][et_pb_column type=\u00bb4_4&#8243; _builder_version=\u00bb4.16&#8243; _module_preset=\u00bbdefault\u00bb global_colors_info=\u00bb{}\u00bb][et_pb_text _builder_version=\u00bb4.27.4&#8243; _module_preset=\u00bbdefault\u00bb text_font=\u00bbAmiko||||||||\u00bb global_colors_info=\u00bb{}\u00bb]<\/p>\n<p><strong>Ana Adan Puig &#8211; <\/strong>Universitat de Barcelona &#8211; Instituto de Neurociencias<\/p>\n<p><strong>Arturo Arrona Palacios &#8211; <\/strong>Brigham and Women\u2019s Hospital, Boston, MA<\/p>\n<p><strong>Pilar Codo\u00f1er Franch &#8211; <\/strong>Universitat de Val\u00e8ncia &#8211; Hospital Peset<\/p>\n<p><strong>Juan F. D\u00edaz Morales<\/strong> &#8211; Universidad Complutense de Madrid<\/p>\n<p><strong>Mariano Fern\u00e1ndez Enguita<\/strong> &#8211; Universidad Complutense de Madrid<\/p>\n<p><strong>Daniel Gabald\u00f3n Estevan<\/strong> &#8211; Universitat de Val\u00e8ncia<\/p>\n<p><strong>Pablo Gracia<\/strong> &#8211; Trinity College Dublin \u2013 Trinity Research in Childhood Centre fellow<\/p>\n<p><strong>Jose Marquez<\/strong> &#8211; The University of Manchester<\/p>\n<p><strong>M\u00f3nica Gonz\u00e1lez Carrasco<\/strong> &#8211; Universitat de Girona &#8211; Institut de recerca sobre qualitat de vida<\/p>\n<p><strong>Gonzalo Pin Arboledas<\/strong> &#8211; Quir\u00f3n Salud Valencia \u2013 Head of the Pediatrics Sleep Unit<\/p>\n<p><strong>C\u00e1tia Reis<\/strong> &#8211; Centro de Medicina de Sono, Lisboa \u2013 IMM Faculdade de Medicina da Universidade de Lisboa<\/p>\n<p><strong>Juan Antonio Madrid P\u00e9rez<\/strong> &#8211; Universidad de Murcia &#8211; Cronolab<\/p>\n<p><strong>Almudena Sevilla Sanz<\/strong> &#8211; University College London \u2013 CTUR fellow<\/p>\n<p><strong>Ulla Sten<\/strong> \u2010 University of Eastern Finland<\/p>\n<p><strong>Kadri T\u00e4ht<\/strong> &#8211; Tallinn University \u2013 School of Governance, Law and Society<\/p>\n<p><strong>Giulia Zerbini<\/strong> &#8211; Universit\u00e4t Augsburg<\/p>\n<p>[\/et_pb_text][et_pb_text _builder_version=\u00bb4.27.4&#8243; _module_preset=\u00bbdefault\u00bb text_font=\u00bbOswald|600|||||||\u00bb text_text_color=\u00bb#ffae47&#8243; text_font_size=\u00bb26px\u00bb header_font=\u00bbOswald|600|||||||\u00bb header_text_color=\u00bb#FFFFFF\u00bb text_orientation=\u00bbcenter\u00bb global_colors_info=\u00bb{}\u00bb]<\/p>\n<p>Organizing Committee<\/p>\n<p>[\/et_pb_text][\/et_pb_column][\/et_pb_row][et_pb_row _builder_version=\u00bb4.16&#8243; _module_preset=\u00bbdefault\u00bb global_colors_info=\u00bb{}\u00bb][et_pb_column type=\u00bb4_4&#8243; _builder_version=\u00bb4.16&#8243; _module_preset=\u00bbdefault\u00bb global_colors_info=\u00bb{}\u00bb][et_pb_text _builder_version=\u00bb4.27.4&#8243; _module_preset=\u00bbdefault\u00bb text_font=\u00bbAmiko||||||||\u00bb global_colors_info=\u00bb{}\u00bb]<\/p>\n<p><strong>Daniel Gabald\u00f3n Estevan<\/strong>\u00a0\u2013 University of Valencia<\/p>\n<p><strong>Ana Ancheta Arrabal<\/strong>\u00a0\u2013 University of Valencia<\/p>\n<p><strong>Elvira Mart\u00ednez Besteiro<\/strong>\u00a0\u2013 University of Valencia<\/p>\n<p><strong>Marta Talavera Ortega<\/strong>\u00a0\u2013 University of Valencia<\/p>\n<p><strong>Maria Jesus Hern\u00e1ndez Jim\u00e9nez<\/strong> &#8211; International University of Valencia<\/p>\n<p><strong>Luc\u00eda Monfort Belenguer<\/strong> &#8211; Hospital Universitario Cl\u00ednico<\/p>\n<p>[\/et_pb_text][et_pb_text _builder_version=\u00bb4.27.4&#8243; _module_preset=\u00bbdefault\u00bb text_font=\u00bbOswald||||||||\u00bb text_text_color=\u00bb#ffae47&#8243; text_font_size=\u00bb26px\u00bb text_orientation=\u00bbcenter\u00bb global_colors_info=\u00bb{}\u00bb]<\/p>\n<p>Technical Team<\/p>\n<p>[\/et_pb_text][\/et_pb_column][\/et_pb_row][et_pb_row _builder_version=\u00bb4.16&#8243; _module_preset=\u00bbdefault\u00bb global_colors_info=\u00bb{}\u00bb][et_pb_column type=\u00bb4_4&#8243; _builder_version=\u00bb4.16&#8243; _module_preset=\u00bbdefault\u00bb global_colors_info=\u00bb{}\u00bb][et_pb_text _builder_version=\u00bb4.21.0&#8243; _module_preset=\u00bbdefault\u00bb text_font=\u00bbAmiko||||||||\u00bb global_colors_info=\u00bb{}\u00bb]<\/p>\n<section class=\"elementor-section elementor-top-section elementor-element elementor-element-5cfcf11 elementor-section-boxed elementor-section-height-default elementor-section-height-default\" data-id=\"5cfcf11\" data-element_type=\"section\">\n<div class=\"elementor-container elementor-column-gap-default\">\n<div class=\"elementor-row\">\n<div class=\"elementor-column elementor-col-100 elementor-top-column elementor-element elementor-element-15e2f6d\" data-id=\"15e2f6d\" data-element_type=\"column\">\n<div class=\"elementor-column-wrap elementor-element-populated\">\n<div class=\"elementor-widget-wrap\">\n<div class=\"elementor-element elementor-element-53e480c elementor-widget elementor-widget-text-editor\" data-id=\"53e480c\" data-element_type=\"widget\" data-widget_type=\"text-editor.default\">\n<div class=\"elementor-widget-container\">\n<div class=\"elementor-text-editor elementor-clearfix\">\n<p><strong><a href=\"mailto:albertoperezperezduque@gmail.com\">Alberto P\u00e9rez P\u00e9rez-Duque<\/a><\/strong> \u2013 Graphic Editor<\/p>\n<p><strong><a href=\"http:\/\/www.olgaminguez.es\">Olga M\u00ednguez L\u00f3pez<\/a><\/strong> \u2013 Documentalist<\/p>\n<\/div>\n<\/div>\n<\/div>\n<\/div>\n<\/div>\n<\/div>\n<\/div>\n<\/div>\n<\/section>\n<p>[\/et_pb_text][\/et_pb_column][\/et_pb_row][\/et_pb_section]<\/p>\n","protected":false},"excerpt":{"rendered":"<p>CommitteesScientific CommitteeAna Adan Puig &#8211; Universitat de Barcelona &#8211; Instituto de Neurociencias Arturo Arrona Palacios &#8211; Brigham and Women\u2019s Hospital, Boston, MA Pilar Codo\u00f1er Franch &#8211; Universitat de Val\u00e8ncia &#8211; Hospital Peset Juan F. D\u00edaz Morales &#8211; Universidad Complutense de Madrid Mariano Fern\u00e1ndez Enguita &#8211; Universidad Complutense de Madrid Daniel Gabald\u00f3n Estevan &#8211; Universitat de [&hellip;]<\/p>\n","protected":false},"author":1,"featured_media":0,"parent":0,"menu_order":0,"comment_status":"closed","ping_status":"closed","template":"","meta":{"_et_pb_use_builder":"on","_et_pb_old_content":"","_et_gb_content_width":"","footnotes":""},"class_list":["post-836","page","type-page","status-publish","hentry"],"_links":{"self":[{"href":"https:\/\/www.gisbe-uv.es\/workshop\/wp-json\/wp\/v2\/pages\/836","targetHints":{"allow":["GET"]}}],"collection":[{"href":"https:\/\/www.gisbe-uv.es\/workshop\/wp-json\/wp\/v2\/pages"}],"about":[{"href":"https:\/\/www.gisbe-uv.es\/workshop\/wp-json\/wp\/v2\/types\/page"}],"author":[{"embeddable":true,"href":"https:\/\/www.gisbe-uv.es\/workshop\/wp-json\/wp\/v2\/users\/1"}],"replies":[{"embeddable":true,"href":"https:\/\/www.gisbe-uv.es\/workshop\/wp-json\/wp\/v2\/comments?post=836"}],"version-history":[{"count":13,"href":"https:\/\/www.gisbe-uv.es\/workshop\/wp-json\/wp\/v2\/pages\/836\/revisions"}],"predecessor-version":[{"id":1074,"href":"https:\/\/www.gisbe-uv.es\/workshop\/wp-json\/wp\/v2\/pages\/836\/revisions\/1074"}],"wp:attachment":[{"href":"https:\/\/www.gisbe-uv.es\/workshop\/wp-json\/wp\/v2\/media?parent=836"}],"curies":[{"name":"wp","href":"https:\/\/api.w.org\/{rel}","templated":true}]}}