{"id":797,"date":"2025-05-18T14:47:15","date_gmt":"2025-05-18T14:47:15","guid":{"rendered":"https:\/\/www.gisbe-uv.es\/workshop\/?page_id=797"},"modified":"2026-01-23T07:47:54","modified_gmt":"2026-01-23T07:47:54","slug":"7th-international-workshop-on-time-studies-in-childhood-and-youth","status":"publish","type":"page","link":"https:\/\/www.gisbe-uv.es\/workshop\/","title":{"rendered":"7th International Workshop on Time Studies in Childhood and Youth"},"content":{"rendered":"<p>[et_pb_section fb_built=\u00bb1&#8243; _builder_version=\u00bb4.16&#8243; _module_preset=\u00bbdefault\u00bb custom_padding=\u00bb39px|||||\u00bb global_colors_info=\u00bb{}\u00bb][et_pb_row _builder_version=\u00bb4.16&#8243; _module_preset=\u00bbdefault\u00bb custom_margin=\u00bb-26px|auto||auto||\u00bb global_colors_info=\u00bb{}\u00bb][et_pb_column type=\u00bb4_4&#8243; _builder_version=\u00bb4.16&#8243; _module_preset=\u00bbdefault\u00bb global_colors_info=\u00bb{}\u00bb][et_pb_image src=\u00bbhttp:\/\/www.gisbe-uv.es\/workshop\/wp-content\/uploads\/sites\/2\/2025\/05\/7th_Workshop-2.png\u00bb title_text=\u00bb7th_Workshop\u00bb _builder_version=\u00bb4.27.4&#8243; _module_preset=\u00bbdefault\u00bb global_colors_info=\u00bb{}\u00bb][\/et_pb_image][\/et_pb_column][\/et_pb_row][et_pb_row column_structure=\u00bb1_4,1_4,1_4,1_4&#8243; _builder_version=\u00bb4.16&#8243; _module_preset=\u00bbdefault\u00bb global_colors_info=\u00bb{}\u00bb][et_pb_column type=\u00bb1_4&#8243; _builder_version=\u00bb4.16&#8243; _module_preset=\u00bbdefault\u00bb global_colors_info=\u00bb{}\u00bb][et_pb_button button_url=\u00bbhttps:\/\/www.gisbe-uv.es\/workshop\/7th_attendance_form\/\u00bb button_text=\u00bbRegistration\u00bb button_alignment=\u00bbcenter\u00bb disabled_on=\u00bboff|off|off\u00bb _builder_version=\u00bb4.27.4&#8243; _module_preset=\u00bbdefault\u00bb custom_button=\u00bbon\u00bb button_text_color=\u00bb#642d2d\u00bb button_bg_color=\u00bb#ffb247&#8243; button_border_width=\u00bb7px\u00bb button_border_color=\u00bb#ffb247&#8243; button_border_radius=\u00bb10px\u00bb button_use_icon=\u00bboff\u00bb custom_padding=\u00bb|35px||35px|false|false\u00bb global_colors_info=\u00bb{}\u00bb][\/et_pb_button][\/et_pb_column][et_pb_column type=\u00bb1_4&#8243; _builder_version=\u00bb4.16&#8243; _module_preset=\u00bbdefault\u00bb global_colors_info=\u00bb{}\u00bb][et_pb_button button_url=\u00bbhttps:\/\/www.gisbe-uv.es\/workshop\/7th-program\/\u00bb button_text=\u00bbProgram\u00bb button_alignment=\u00bbcenter\u00bb _builder_version=\u00bb4.27.4&#8243; _module_preset=\u00bbdefault\u00bb custom_button=\u00bbon\u00bb button_text_color=\u00bb#642d2d\u00bb button_bg_color=\u00bb#f1e13c\u00bb button_border_width=\u00bb7px\u00bb button_border_color=\u00bb#f1e13c\u00bb button_border_radius=\u00bb10px\u00bb custom_padding=\u00bb|35px||35px|false|false\u00bb global_colors_info=\u00bb{}\u00bb][\/et_pb_button][\/et_pb_column][et_pb_column type=\u00bb1_4&#8243; _builder_version=\u00bb4.16&#8243; _module_preset=\u00bbdefault\u00bb global_colors_info=\u00bb{}\u00bb][et_pb_button button_url=\u00bbhttps:\/\/www.gisbe-uv.es\/workshop\/7th_committees\u00bb button_text=\u00bbCommittees\u00bb button_alignment=\u00bbcenter\u00bb _builder_version=\u00bb4.27.4&#8243; _module_preset=\u00bbdefault\u00bb custom_button=\u00bbon\u00bb button_text_color=\u00bb#642d2d\u00bb button_bg_color=\u00bb#ffb247&#8243; button_border_width=\u00bb7px\u00bb button_border_color=\u00bb#ffb247&#8243; button_border_radius=\u00bb10px\u00bb custom_padding=\u00bb|28px||28px|false|false\u00bb global_colors_info=\u00bb{}\u00bb][\/et_pb_button][\/et_pb_column][et_pb_column type=\u00bb1_4&#8243; _builder_version=\u00bb4.16&#8243; _module_preset=\u00bbdefault\u00bb global_colors_info=\u00bb{}\u00bb][et_pb_button button_url=\u00bbhttps:\/\/www.gisbe-uv.es\/workshop\/7th_keynotes\/\u00bb button_text=\u00bbKeynotes\u00bb button_alignment=\u00bbcenter\u00bb disabled_on=\u00bboff|off|off\u00bb _builder_version=\u00bb4.27.4&#8243; _module_preset=\u00bbdefault\u00bb custom_button=\u00bbon\u00bb button_text_color=\u00bb#642d2d\u00bb button_bg_color=\u00bb#f1e13c\u00bb button_border_width=\u00bb7px\u00bb button_border_color=\u00bb#f1e13c\u00bb button_border_radius=\u00bb10px\u00bb custom_padding=\u00bb|35px||35px|false|false\u00bb global_colors_info=\u00bb{}\u00bb][\/et_pb_button][\/et_pb_column][\/et_pb_row][et_pb_row _builder_version=\u00bb4.16&#8243; _module_preset=\u00bbdefault\u00bb global_colors_info=\u00bb{}\u00bb][et_pb_column type=\u00bb4_4&#8243; _builder_version=\u00bb4.16&#8243; _module_preset=\u00bbdefault\u00bb global_colors_info=\u00bb{}\u00bb][et_pb_text admin_label=\u00bben\u00bb _builder_version=\u00bb4.27.4&#8243; _module_preset=\u00bbdefault\u00bb custom_padding=\u00bb57px|||||\u00bb global_colors_info=\u00bb{}\u00bb]<\/p>\n<p>The <a href=\"https:\/\/www.gisbe-uv.es\/\">Research Group on School Health and Wellbeing<\/a> (GISBE), as part of the activities of the project<a href=\"https:\/\/www.gisbe-uv.es\/kairos\/\"> Chronotype (Mis)alignment of Students and School Time Organization: Effects on Health, Learning, Time Use, and Satisfaction (Kairos)<\/a>, funded by the AEI (PID2021-126846NA-I00 \/ AEI \/ 10.13039\/501100011033) and the GVA (CIACO\/2023\/120), is pleased to announce the 7th International Conference on Time Studies in Childhood and Youth at the University of Valencia (UV), which will take place in hybrid format on June 10 and 11, 2025.<\/p>\n<p>As in previous editions, in addition to the project members, we will have the participation of national and international scholars, as well as experts in fields related to various dimensions of time in the lives of children and young people, such as health, education, or wellbeing.<\/p>\n<p>The event is funded by the Ministry of Science \/ State Research Agency (MICIN\/AEI) and the Regional Ministry of Education, Culture, Universities and Employment (GVA), and is supported by the Faculty of Social Sciences and the Department of Sociology and Social Anthropology, both from the University of Valencia.<\/p>\n<p>[\/et_pb_text][et_pb_text admin_label=\u00bbcas\u00bb _builder_version=\u00bb4.27.4&#8243; _module_preset=\u00bbdefault\u00bb custom_padding=\u00bb56px|||||\u00bb global_colors_info=\u00bb{}\u00bb]<\/p>\n<p>El <a href=\"https:\/\/www.gisbe-uv.es\">Grupo de Investigaci\u00f3n en Salud y Bienestar Escolar (GISBE)<\/a>, en el marco de las actividades del proyecto <a href=\"https:\/\/www.gisbe-uv.es\/kairos\/\">(Des)ajuste de cronotipo del alumnado y la organizaci\u00f3n del tiempo escolar: sus efectos en la salud, el aprendizaje, el uso del tiempo y la satisfacci\u00f3n (Kairos)<\/a>, financiado por la AEI (PID2021-126846NA-I00 \/ AEI \/ 10.13039\/501100011033) y por la GVA (CIACO\/2023\/120), tiene el placer de anunciar las 7\u00aa Jornadas Internacionales de Estudios del Tiempo en la Infancia y la Juventud de la Universitat de Val\u00e8ncia (UV), que se celebrar\u00e1n en formato h\u00edbrido los d\u00edas 10 y 11 de junio de 2025.<\/p>\n<p>Como es habitual, adem\u00e1s de los miembros del proyecto, contaremos con la participaci\u00f3n de acad\u00e9micos del \u00e1mbito estatal e internacional, expertos y expertas en campos relacionados con las diferentes dimensiones del tiempo en la vida de ni\u00f1as, ni\u00f1os y j\u00f3venes, como la salud, la educaci\u00f3n o el bienestar.<\/p>\n<p>El encuentro cuenta con la financiaci\u00f3n del Ministerio de Ciencia \/ Agencia Estatal de Investigaci\u00f3n (MICIN\/AEI) y de la Conselleria de Educaci\u00f3n, Cultura, Universidades y Empleo (GVA), y con el apoyo de la Facultad de Ciencias Sociales y del Departamento de Sociolog\u00eda y Antropolog\u00eda Social, ambos de la Universitat de Val\u00e8ncia.<\/p>\n<p>&nbsp;<\/p>\n<p>[\/et_pb_text][et_pb_text admin_label=\u00bbval\u00bb _builder_version=\u00bb4.27.4&#8243; _module_preset=\u00bbdefault\u00bb custom_margin=\u00bb106px|||||\u00bb text_font_size_tablet=\u00bb\u00bb text_font_size_phone=\u00bb13px\u00bb text_font_size_last_edited=\u00bbon|phone\u00bb global_colors_info=\u00bb{}\u00bb]<\/p>\n<p>El <a href=\"https:\/\/www.gisbe-uv.es\">Grup de Investigaci\u00f3 en Salut i Benestar<\/a> Escolar (GISBE) en el marc de les activitats del projecte<a href=\"https:\/\/www.gisbe-uv.es\/kairos\/\"> (Des)ajust de cronotipo de l&#8217;alumnat i l&#8217;organitzaci\u00f3 del temps escolar: els seus efectes en la salut, l&#8217;aprenentatge, l&#8217;\u00fas del temps i la satisfacci\u00f3 (Kairos)<\/a> amb finan\u00e7ament de l&#8217;AEI (PID2021-126846NA-I00\/ AEI \/ 10.13039\/501100011033) i de la GVA (CIACO\/2023\/120) t\u00e9 el plaer d&#8217;anunciar les 7es Jornades Internacional d&#8217;Estudis del Temps a la Inf\u00e0ncia i Joventut de la Universitat de Val\u00e8ncia (UV) que se celebrar\u00e0 en format h\u00edbrid el 10 i 11 de juny del 2025.<br \/>Com de costum a m\u00e9s dels membres del projecte, comptem amb la participaci\u00f3 acad\u00e8mics d&#8217;\u00e0mbit estatal i internacional, expertes i experts en camps relacionats amb diferents dimensions del temps en la vida de nenes, nens i joves, com ara la salut, l&#8217;educaci\u00f3 o el benestar.<br \/>La trobada compta amb el finan\u00e7ament del Ministeri de Ci\u00e8ncia \/ Ag\u00e8ncia Estatal de Recerca (MICIN\/AEI) i de la i de la Conselleria de Educaci\u00f3, Cultura, Universitats i Ocupaci\u00f3 (GVA) compta amb el suport la Facultat de Ci\u00e8ncies Socials, del Departament de Sociologia i Antropologia Social ambdos de la Universitat\u00a0de\u00a0Val\u00e8ncia.<\/p>\n<p>&nbsp;<\/p>\n<p>&nbsp;<\/p>\n<p>[\/et_pb_text][\/et_pb_column][\/et_pb_row][\/et_pb_section]<\/p>\n","protected":false},"excerpt":{"rendered":"<p>The Research Group on School Health and Wellbeing (GISBE), as part of the activities of the project Chronotype (Mis)alignment of Students and School Time Organization: Effects on Health, Learning, Time Use, and Satisfaction (Kairos), funded by the AEI (PID2021-126846NA-I00 \/ AEI \/ 10.13039\/501100011033) and the GVA (CIACO\/2023\/120), is pleased to announce the 7th International Conference [&hellip;]<\/p>\n","protected":false},"author":1,"featured_media":0,"parent":0,"menu_order":0,"comment_status":"closed","ping_status":"closed","template":"","meta":{"_et_pb_use_builder":"on","_et_pb_old_content":"","_et_gb_content_width":"","footnotes":""},"class_list":["post-797","page","type-page","status-publish","hentry"],"_links":{"self":[{"href":"https:\/\/www.gisbe-uv.es\/workshop\/wp-json\/wp\/v2\/pages\/797","targetHints":{"allow":["GET"]}}],"collection":[{"href":"https:\/\/www.gisbe-uv.es\/workshop\/wp-json\/wp\/v2\/pages"}],"about":[{"href":"https:\/\/www.gisbe-uv.es\/workshop\/wp-json\/wp\/v2\/types\/page"}],"author":[{"embeddable":true,"href":"https:\/\/www.gisbe-uv.es\/workshop\/wp-json\/wp\/v2\/users\/1"}],"replies":[{"embeddable":true,"href":"https:\/\/www.gisbe-uv.es\/workshop\/wp-json\/wp\/v2\/comments?post=797"}],"version-history":[{"count":24,"href":"https:\/\/www.gisbe-uv.es\/workshop\/wp-json\/wp\/v2\/pages\/797\/revisions"}],"predecessor-version":[{"id":1072,"href":"https:\/\/www.gisbe-uv.es\/workshop\/wp-json\/wp\/v2\/pages\/797\/revisions\/1072"}],"wp:attachment":[{"href":"https:\/\/www.gisbe-uv.es\/workshop\/wp-json\/wp\/v2\/media?parent=797"}],"curies":[{"name":"wp","href":"https:\/\/api.w.org\/{rel}","templated":true}]}}