{"id":61,"date":"2023-05-16T17:34:21","date_gmt":"2023-05-16T17:34:21","guid":{"rendered":"https:\/\/www.gisbe-uv.es\/workshop\/?page_id=61"},"modified":"2023-05-23T15:00:09","modified_gmt":"2023-05-23T15:00:09","slug":"4th_committees","status":"publish","type":"page","link":"https:\/\/www.gisbe-uv.es\/workshop\/4th_committees\/","title":{"rendered":"4th Committees"},"content":{"rendered":"<p>[et_pb_section fb_built=\u00bb1&#8243; _builder_version=\u00bb4.14.8&#8243; _module_preset=\u00bbdefault\u00bb global_colors_info=\u00bb{}\u00bb][et_pb_row _builder_version=\u00bb4.14.8&#8243; _module_preset=\u00bbdefault\u00bb global_colors_info=\u00bb{}\u00bb][et_pb_column type=\u00bb4_4&#8243; _builder_version=\u00bb4.14.8&#8243; _module_preset=\u00bbdefault\u00bb global_colors_info=\u00bb{}\u00bb][et_pb_image src=\u00bbhttp:\/\/www.gisbe-uv.es\/workshop\/wp-content\/uploads\/sites\/2\/2023\/05\/BANNER-2022.png\u00bb alt=\u00bb3rd Workshop\u00bb title_text=\u00bbBANNER 2022&#8243; align=\u00bbcenter\u00bb _builder_version=\u00bb4.14.8&#8243; _module_preset=\u00bbdefault\u00bb global_colors_info=\u00bb{}\u00bb][\/et_pb_image][\/et_pb_column][\/et_pb_row][et_pb_row _builder_version=\u00bb4.14.8&#8243; _module_preset=\u00bbdefault\u00bb global_colors_info=\u00bb{}\u00bb][et_pb_column type=\u00bb4_4&#8243; _builder_version=\u00bb4.14.8&#8243; _module_preset=\u00bbdefault\u00bb global_colors_info=\u00bb{}\u00bb][et_pb_text _builder_version=\u00bb4.14.8&#8243; _module_preset=\u00bbdefault\u00bb text_text_color=\u00bb#FFFFFF\u00bb text_font_size=\u00bb34px\u00bb header_font=\u00bb||on||||||\u00bb header_text_color=\u00bb#FFFFFF\u00bb background_color=\u00bb#D35488&#8243; text_orientation=\u00bbcenter\u00bb custom_padding=\u00bb10px||10px||false|false\u00bb border_radii=\u00bboff|25px||25px|\u00bb border_color_all=\u00bb#D35488&#8243; global_colors_info=\u00bb{}\u00bb]<\/p>\n<p>Committees<\/p>\n<p>[\/et_pb_text][\/et_pb_column][\/et_pb_row][et_pb_row _builder_version=\u00bb4.14.8&#8243; _module_preset=\u00bbdefault\u00bb global_colors_info=\u00bb{}\u00bb][et_pb_column type=\u00bb4_4&#8243; _builder_version=\u00bb4.14.8&#8243; _module_preset=\u00bbdefault\u00bb global_colors_info=\u00bb{}\u00bb][et_pb_text _builder_version=\u00bb4.14.8&#8243; _module_preset=\u00bbdefault\u00bb text_text_color=\u00bb#4B2A5E\u00bb text_font_size=\u00bb30px\u00bb header_text_color=\u00bb#FFFFFF\u00bb global_colors_info=\u00bb{}\u00bb]<\/p>\n<p style=\"text-align: center;\"><span style=\"font-family: georgia, palatino, serif; color: #600b89;\"><strong><span style=\"font-size: 14pt;\">Scientific Committee<\/span><\/strong><\/span><\/p>\n<p>[\/et_pb_text][\/et_pb_column][\/et_pb_row][et_pb_row _builder_version=\u00bb4.14.8&#8243; _module_preset=\u00bbdefault\u00bb global_colors_info=\u00bb{}\u00bb][et_pb_column type=\u00bb4_4&#8243; _builder_version=\u00bb4.14.8&#8243; _module_preset=\u00bbdefault\u00bb global_colors_info=\u00bb{}\u00bb][et_pb_text _builder_version=\u00bb4.14.8&#8243; _module_preset=\u00bbdefault\u00bb text_font=\u00bb||||||||\u00bb global_colors_info=\u00bb{}\u00bb]<\/p>\n<p><strong>Ana Adan Puig<\/strong>. Universitat de Barcelona \u2013 Instituto de Neurociencias<\/p>\n<p><strong>Arturo Arrona Palacios.<\/strong> Brigham and Women\u2019s Hospital, Boston, MA<\/p>\n<p><strong>Pilar Codo\u00f1er Franch<\/strong>. Universitat de Val\u00e8ncia \u2013 Hospital Peset<\/p>\n<p><strong>Juan F. D\u00edaz Morales<\/strong>. Universidad Complutense de Madrid<\/p>\n<p><strong>Santiago Esta\u00fan Ferrer.<\/strong> Universitat Aut\u00f3noma de Barcelona \u2013 Professor Emeritus of Psychology of Perception<\/p>\n<p><strong>Mariano Fern\u00e1ndez Enguita<\/strong>\u00a0\u2013 Universidad Complutense de Madrid<\/p>\n<p><strong>M\u00f3nica Gonz\u00e1lez Carrasco<\/strong>. Universitat de Girona. Institut de recerca sobre qualitat de vida<\/p>\n<p><strong>Pablo Gracia.<\/strong> Trinity College Dublin \u2013 Trinity Research in Childhood Centre fellow<\/p>\n<p><strong>Jose Marquez.<\/strong> The University of Manchester<\/p>\n<p><strong>Juan Antonio Madrid P\u00e9rez.<\/strong> Universidad de Murcia \u2013 Cronolab<\/p>\n<p><strong>Gonzalo Pin Arboledas.<\/strong> Quir\u00f3n Salud Valencia \u2013 Head of the Pediatrics Sleep Unit<\/p>\n<p><strong>C\u00e1tia Reis.<\/strong> Centro de Medicina de Sono, Lisboa \u2013 IMM Faculdade de Medicina da Universidade de Lisboa<\/p>\n<p>\u00a0<strong>Almudena Sevilla Sanz.<\/strong> University College London \u2013 CTUR fellow<\/p>\n<p><strong>Kadri T\u00e4ht.<\/strong> Tallinn University \u2013 School of Governance, Law and Society<\/p>\n<p><strong>Giulia Zerbini.<\/strong> Universit\u00e4t Augsburg<\/p>\n<p>[\/et_pb_text][et_pb_text _builder_version=\u00bb4.14.8&#8243; _module_preset=\u00bbdefault\u00bb text_text_color=\u00bb#4B2A5E\u00bb text_font_size=\u00bb30px\u00bb global_colors_info=\u00bb{}\u00bb]<\/p>\n<p style=\"text-align: center;\"><span style=\"font-family: georgia, palatino, serif; color: #600b89;\"><strong><span style=\"font-size: 14pt;\">Organizing Committee<\/span><\/strong><\/span><\/p>\n<p>[\/et_pb_text][\/et_pb_column][\/et_pb_row][et_pb_row _builder_version=\u00bb4.14.8&#8243; _module_preset=\u00bbdefault\u00bb global_colors_info=\u00bb{}\u00bb][et_pb_column type=\u00bb4_4&#8243; _builder_version=\u00bb4.14.8&#8243; _module_preset=\u00bbdefault\u00bb global_colors_info=\u00bb{}\u00bb][et_pb_text _builder_version=\u00bb4.14.8&#8243; _module_preset=\u00bbdefault\u00bb global_colors_info=\u00bb{}\u00bb]<\/p>\n<p><strong>Daniel Gabald\u00f3n Estevan<\/strong>\u00a0\u2013 University of Valencia<\/p>\n<p><strong>Ana Ancheta Arrabal<\/strong>\u00a0\u2013 University of Valencia<\/p>\n<p><strong>Diego Carmona Talavera<\/strong> \u2013\u00a0University Hospital Doctor Peset<\/p>\n<p><strong>Nuria Esta\u00f1 Capell<\/strong>\u00a0\u2013 University Hospital Doctor Peset.<\/p>\n<p><strong>Maria Jesus Hern\u00e1ndez Jim\u00e9nez<\/strong>\u2013 International University of Valencia<\/p>\n<p><strong>Elvira Mart\u00ednez Besteiro<\/strong>\u00a0\u2013 University of Valencia<\/p>\n<p><strong>Lucia Monfort Belenguer<\/strong>\u00a0\u2013 Clinic University Hospital<\/p>\n<p><strong>Guillermo S\u00e1ez Tormo<\/strong>\u00a0\u2013 University Hospital Doctor Peset and University of Valencia<\/p>\n<p><strong>Marta Talavera Ortega<\/strong>\u00a0\u2013 University of Valencia<\/p>\n<p>[\/et_pb_text][et_pb_text _builder_version=\u00bb4.14.8&#8243; _module_preset=\u00bbdefault\u00bb text_text_color=\u00bb#4B2A5E\u00bb text_font_size=\u00bb30px\u00bb global_colors_info=\u00bb{}\u00bb]<\/p>\n<p style=\"text-align: center;\"><span style=\"font-family: georgia, palatino, serif; color: #600b89;\"><strong><span style=\"font-size: 14pt;\">Technical Team<br \/><\/span><\/strong><\/span><\/p>\n<p>[\/et_pb_text][\/et_pb_column][\/et_pb_row][et_pb_row _builder_version=\u00bb4.14.8&#8243; _module_preset=\u00bbdefault\u00bb global_colors_info=\u00bb{}\u00bb][et_pb_column type=\u00bb4_4&#8243; _builder_version=\u00bb4.14.8&#8243; _module_preset=\u00bbdefault\u00bb global_colors_info=\u00bb{}\u00bb][et_pb_text _builder_version=\u00bb4.14.8&#8243; _module_preset=\u00bbdefault\u00bb global_colors_info=\u00bb{}\u00bb]<\/p>\n<section class=\"elementor-section elementor-top-section elementor-element elementor-element-5cfcf11 elementor-section-boxed elementor-section-height-default elementor-section-height-default\" data-id=\"5cfcf11\" data-element_type=\"section\">\n<div class=\"elementor-container elementor-column-gap-default\">\n<div class=\"elementor-row\">\n<div class=\"elementor-column elementor-col-100 elementor-top-column elementor-element elementor-element-15e2f6d\" data-id=\"15e2f6d\" data-element_type=\"column\">\n<div class=\"elementor-column-wrap elementor-element-populated\">\n<div class=\"elementor-widget-wrap\">\n<div class=\"elementor-element elementor-element-53e480c elementor-widget elementor-widget-text-editor\" data-id=\"53e480c\" data-element_type=\"widget\" data-widget_type=\"text-editor.default\">\n<div class=\"elementor-widget-container\">\n<div class=\"elementor-text-editor elementor-clearfix\">\n<p><strong><a href=\"mailto:albertoperezperezduque@gmail.com\">Alberto P\u00e9rez P\u00e9rez-Duque<\/a><\/strong> \u2013 Graphic Editor\u00a0<\/p>\n<p><strong><a href=\"http:\/\/www.olgaminguez.es\">Olga M\u00ednguez L\u00f3pez<\/a><\/strong> \u2013 Documentalist<\/p>\n<\/div>\n<\/div>\n<\/div>\n<\/div>\n<\/div>\n<\/div>\n<\/div>\n<\/div>\n<\/section>\n<p>[\/et_pb_text][\/et_pb_column][\/et_pb_row][et_pb_row column_structure=\u00bb1_3,1_3,1_3&#8243; _builder_version=\u00bb4.14.8&#8243; _module_preset=\u00bbdefault\u00bb global_colors_info=\u00bb{}\u00bb][et_pb_column type=\u00bb1_3&#8243; _builder_version=\u00bb4.14.8&#8243; _module_preset=\u00bbdefault\u00bb global_colors_info=\u00bb{}\u00bb][et_pb_button button_text=\u00bbHome\u00bb button_alignment=\u00bbcenter\u00bb _builder_version=\u00bb4.14.8&#8243; _module_preset=\u00bbdefault\u00bb custom_button=\u00bbon\u00bb button_text_color=\u00bb#FFFFFF\u00bb button_bg_color=\u00bb#4B2A5E\u00bb button_border_width=\u00bb7px\u00bb button_border_color=\u00bb#4B2A5E\u00bb button_border_radius=\u00bb10px\u00bb custom_padding=\u00bb|30px||30px|false|false\u00bb hover_enabled=\u00bb0&#8243; global_colors_info=\u00bb{}\u00bb button_url=\u00bbhttps:\/\/www.gisbe-uv.es\/workshop\/4th_international_workshop_on_time_studies_in_childhood_and_youth\/\u00bb sticky_enabled=\u00bb0&#8243;][\/et_pb_button][\/et_pb_column][et_pb_column type=\u00bb1_3&#8243; _builder_version=\u00bb4.14.8&#8243; _module_preset=\u00bbdefault\u00bb global_colors_info=\u00bb{}\u00bb][et_pb_button button_text=\u00bbKeynotes\u00bb button_alignment=\u00bbcenter\u00bb _builder_version=\u00bb4.14.8&#8243; _module_preset=\u00bbdefault\u00bb custom_button=\u00bbon\u00bb button_text_color=\u00bb#FFFFFF\u00bb button_bg_color=\u00bb#D35488&#8243; button_border_width=\u00bb7px\u00bb button_border_color=\u00bb#D35488&#8243; button_border_radius=\u00bb10px\u00bb custom_padding=\u00bb|30px||30px|false|false\u00bb hover_enabled=\u00bb0&#8243; global_colors_info=\u00bb{}\u00bb button_url=\u00bbhttps:\/\/www.gisbe-uv.es\/workshop\/4th_keynotes\/\u00bb sticky_enabled=\u00bb0&#8243;][\/et_pb_button][\/et_pb_column][et_pb_column type=\u00bb1_3&#8243; _builder_version=\u00bb4.14.8&#8243; _module_preset=\u00bbdefault\u00bb global_colors_info=\u00bb{}\u00bb][et_pb_button button_text=\u00bbProgram\u00bb button_alignment=\u00bbcenter\u00bb _builder_version=\u00bb4.14.8&#8243; _module_preset=\u00bbdefault\u00bb custom_button=\u00bbon\u00bb button_text_color=\u00bb#FFFFFF\u00bb button_bg_color=\u00bb#4B2A5E\u00bb button_border_width=\u00bb7px\u00bb button_border_color=\u00bb#4B2A5E\u00bb button_border_radius=\u00bb10px\u00bb custom_padding=\u00bb|30px||30px|false|false\u00bb hover_enabled=\u00bb0&#8243; global_colors_info=\u00bb{}\u00bb button_url=\u00bbhttps:\/\/www.gisbe-uv.es\/workshop\/4th_program\/\u00bb sticky_enabled=\u00bb0&#8243;][\/et_pb_button][\/et_pb_column][\/et_pb_row][\/et_pb_section]<\/p>\n","protected":false},"excerpt":{"rendered":"<p>CommitteesScientific CommitteeAna Adan Puig. Universitat de Barcelona \u2013 Instituto de Neurociencias Arturo Arrona Palacios. Brigham and Women\u2019s Hospital, Boston, MA Pilar Codo\u00f1er Franch. Universitat de Val\u00e8ncia \u2013 Hospital Peset Juan F. D\u00edaz Morales. Universidad Complutense de Madrid Santiago Esta\u00fan Ferrer. Universitat Aut\u00f3noma de Barcelona \u2013 Professor Emeritus of Psychology of Perception Mariano Fern\u00e1ndez Enguita\u00a0\u2013 Universidad [&hellip;]<\/p>\n","protected":false},"author":1,"featured_media":0,"parent":0,"menu_order":0,"comment_status":"closed","ping_status":"closed","template":"","meta":{"_et_pb_use_builder":"on","_et_pb_old_content":"","_et_gb_content_width":"","footnotes":""},"class_list":["post-61","page","type-page","status-publish","hentry"],"_links":{"self":[{"href":"https:\/\/www.gisbe-uv.es\/workshop\/wp-json\/wp\/v2\/pages\/61","targetHints":{"allow":["GET"]}}],"collection":[{"href":"https:\/\/www.gisbe-uv.es\/workshop\/wp-json\/wp\/v2\/pages"}],"about":[{"href":"https:\/\/www.gisbe-uv.es\/workshop\/wp-json\/wp\/v2\/types\/page"}],"author":[{"embeddable":true,"href":"https:\/\/www.gisbe-uv.es\/workshop\/wp-json\/wp\/v2\/users\/1"}],"replies":[{"embeddable":true,"href":"https:\/\/www.gisbe-uv.es\/workshop\/wp-json\/wp\/v2\/comments?post=61"}],"version-history":[{"count":9,"href":"https:\/\/www.gisbe-uv.es\/workshop\/wp-json\/wp\/v2\/pages\/61\/revisions"}],"predecessor-version":[{"id":289,"href":"https:\/\/www.gisbe-uv.es\/workshop\/wp-json\/wp\/v2\/pages\/61\/revisions\/289"}],"wp:attachment":[{"href":"https:\/\/www.gisbe-uv.es\/workshop\/wp-json\/wp\/v2\/media?parent=61"}],"curies":[{"name":"wp","href":"https:\/\/api.w.org\/{rel}","templated":true}]}}