{"id":1084,"date":"2026-04-20T17:27:43","date_gmt":"2026-04-20T17:27:43","guid":{"rendered":"https:\/\/www.gisbe-uv.es\/workshop\/?page_id=1084"},"modified":"2026-04-20T17:30:30","modified_gmt":"2026-04-20T17:30:30","slug":"8th-workshop","status":"publish","type":"page","link":"https:\/\/www.gisbe-uv.es\/workshop\/8th-workshop\/","title":{"rendered":"8th Workshop"},"content":{"rendered":"<p>[et_pb_section fb_built=\u00bb1&#8243; _builder_version=\u00bb4.16&#8243; _module_preset=\u00bbdefault\u00bb custom_padding=\u00bb39px|||||\u00bb global_colors_info=\u00bb{}\u00bb theme_builder_area=\u00bbpost_content\u00bb][et_pb_row _builder_version=\u00bb4.16&#8243; _module_preset=\u00bbdefault\u00bb custom_margin=\u00bb-26px|auto||auto||\u00bb global_colors_info=\u00bb{}\u00bb theme_builder_area=\u00bbpost_content\u00bb][et_pb_column type=\u00bb4_4&#8243; _builder_version=\u00bb4.16&#8243; _module_preset=\u00bbdefault\u00bb global_colors_info=\u00bb{}\u00bb theme_builder_area=\u00bbpost_content\u00bb][et_pb_image src=\u00bbhttp:\/\/www.gisbe-uv.es\/workshop\/wp-content\/uploads\/sites\/2\/2026\/04\/2026-BANNER-scaled.png\u00bb title_text=\u00bb2026 BANNER\u00bb _builder_version=\u00bb4.27.4&#8243; _module_preset=\u00bbdefault\u00bb hover_enabled=\u00bb0&#8243; global_colors_info=\u00bb{}\u00bb theme_builder_area=\u00bbpost_content\u00bb sticky_enabled=\u00bb0&#8243;][\/et_pb_image][\/et_pb_column][\/et_pb_row][et_pb_row column_structure=\u00bb1_4,1_4,1_4,1_4&#8243; _builder_version=\u00bb4.16&#8243; _module_preset=\u00bbdefault\u00bb hover_enabled=\u00bb0&#8243; global_colors_info=\u00bb{}\u00bb theme_builder_area=\u00bbpost_content\u00bb sticky_enabled=\u00bb0&#8243; disabled_on=\u00bbon|on|on\u00bb disabled=\u00bbon\u00bb][et_pb_column type=\u00bb1_4&#8243; _builder_version=\u00bb4.16&#8243; _module_preset=\u00bbdefault\u00bb global_colors_info=\u00bb{}\u00bb theme_builder_area=\u00bbpost_content\u00bb][et_pb_button button_url=\u00bbhttps:\/\/www.gisbe-uv.es\/workshop\/7th_attendance_form\/\u00bb button_text=\u00bbRegistration\u00bb button_alignment=\u00bbcenter\u00bb disabled_on=\u00bboff|off|off\u00bb _builder_version=\u00bb4.27.4&#8243; _module_preset=\u00bbdefault\u00bb custom_button=\u00bbon\u00bb button_text_color=\u00bb#642d2d\u00bb button_bg_color=\u00bb#ffb247&#8243; button_border_width=\u00bb7px\u00bb button_border_color=\u00bb#ffb247&#8243; button_border_radius=\u00bb10px\u00bb button_use_icon=\u00bboff\u00bb custom_padding=\u00bb|35px||35px|false|false\u00bb global_colors_info=\u00bb{}\u00bb theme_builder_area=\u00bbpost_content\u00bb][\/et_pb_button][\/et_pb_column][et_pb_column type=\u00bb1_4&#8243; _builder_version=\u00bb4.16&#8243; _module_preset=\u00bbdefault\u00bb global_colors_info=\u00bb{}\u00bb theme_builder_area=\u00bbpost_content\u00bb][et_pb_button button_url=\u00bbhttps:\/\/www.gisbe-uv.es\/workshop\/7th-program\/\u00bb button_text=\u00bbProgram\u00bb button_alignment=\u00bbcenter\u00bb _builder_version=\u00bb4.27.4&#8243; _module_preset=\u00bbdefault\u00bb custom_button=\u00bbon\u00bb button_text_color=\u00bb#642d2d\u00bb button_bg_color=\u00bb#f1e13c\u00bb button_border_width=\u00bb7px\u00bb button_border_color=\u00bb#f1e13c\u00bb button_border_radius=\u00bb10px\u00bb custom_padding=\u00bb|35px||35px|false|false\u00bb global_colors_info=\u00bb{}\u00bb theme_builder_area=\u00bbpost_content\u00bb][\/et_pb_button][\/et_pb_column][et_pb_column type=\u00bb1_4&#8243; _builder_version=\u00bb4.16&#8243; _module_preset=\u00bbdefault\u00bb global_colors_info=\u00bb{}\u00bb theme_builder_area=\u00bbpost_content\u00bb][et_pb_button button_url=\u00bbhttps:\/\/www.gisbe-uv.es\/workshop\/7th_committees\u00bb button_text=\u00bbCommittees\u00bb button_alignment=\u00bbcenter\u00bb _builder_version=\u00bb4.27.4&#8243; _module_preset=\u00bbdefault\u00bb custom_button=\u00bbon\u00bb button_text_color=\u00bb#642d2d\u00bb button_bg_color=\u00bb#ffb247&#8243; button_border_width=\u00bb7px\u00bb button_border_color=\u00bb#ffb247&#8243; button_border_radius=\u00bb10px\u00bb custom_padding=\u00bb|28px||28px|false|false\u00bb global_colors_info=\u00bb{}\u00bb theme_builder_area=\u00bbpost_content\u00bb][\/et_pb_button][\/et_pb_column][et_pb_column type=\u00bb1_4&#8243; _builder_version=\u00bb4.16&#8243; _module_preset=\u00bbdefault\u00bb global_colors_info=\u00bb{}\u00bb theme_builder_area=\u00bbpost_content\u00bb][et_pb_button button_url=\u00bbhttps:\/\/www.gisbe-uv.es\/workshop\/7th_keynotes\/\u00bb button_text=\u00bbKeynotes\u00bb button_alignment=\u00bbcenter\u00bb disabled_on=\u00bboff|off|off\u00bb _builder_version=\u00bb4.27.4&#8243; _module_preset=\u00bbdefault\u00bb custom_button=\u00bbon\u00bb button_text_color=\u00bb#642d2d\u00bb button_bg_color=\u00bb#f1e13c\u00bb button_border_width=\u00bb7px\u00bb button_border_color=\u00bb#f1e13c\u00bb button_border_radius=\u00bb10px\u00bb custom_padding=\u00bb|35px||35px|false|false\u00bb global_colors_info=\u00bb{}\u00bb theme_builder_area=\u00bbpost_content\u00bb][\/et_pb_button][\/et_pb_column][\/et_pb_row][et_pb_row _builder_version=\u00bb4.16&#8243; _module_preset=\u00bbdefault\u00bb global_colors_info=\u00bb{}\u00bb theme_builder_area=\u00bbpost_content\u00bb][et_pb_column type=\u00bb4_4&#8243; _builder_version=\u00bb4.16&#8243; _module_preset=\u00bbdefault\u00bb global_colors_info=\u00bb{}\u00bb theme_builder_area=\u00bbpost_content\u00bb][et_pb_text admin_label=\u00bbcas\u00bb _builder_version=\u00bb4.27.4&#8243; _module_preset=\u00bbdefault\u00bb custom_padding=\u00bb4px|||||\u00bb hover_enabled=\u00bb0&#8243; global_colors_info=\u00bb{}\u00bb theme_builder_area=\u00bbpost_content\u00bb sticky_enabled=\u00bb0&#8243;]<\/p>\n<p>10 y 11 de junio de 2026 (modalidad h\u00edbrida: presencial y en l\u00ednea). Inscripci\u00f3n gratuita.<\/p>\n<p>El <a href=\"https:\/\/www.gisbe-uv.es\">Grupo de Investigaci\u00f3n en Salud y Bienestar Escolar (GISBE)<\/a>, en el marco de las actividades del proyecto <a href=\"https:\/\/www.gisbe-uv.es\/kairos\/\">(Des)ajuste de cronotipo del alumnado y la organizaci\u00f3n del tiempo escolar: sus efectos en la salud, el aprendizaje, el uso del tiempo y la satisfacci\u00f3n (Kairos)<\/a>, (PID2021-126846NA-I00\/ AEI \/ 10.13039\/501100011033 y CIACO\/2023\/120), se complace en anunciar la VIII Conferencia Internacional sobre Estudios del Tiempo en la Infancia y la Juventud de la Universidad de Valencia (UV), que se celebrar\u00e1 en formato h\u00edbrido los d\u00edas 10 y 11 de junio de 2026. Como es habitual, adem\u00e1s de los miembros del proyecto, contamos con la participaci\u00f3n de acad\u00e9micos nacionales e internacionales, expertos en \u00e1mbitos relacionados con las diferentes dimensiones del tiempo en la vida de ni\u00f1as, ni\u00f1os y j\u00f3venes, como la salud, la educaci\u00f3n o el bienestar. La reuni\u00f3n est\u00e1 financiada por el Ministerio de Ciencia\/Agencia Nacional de Investigaci\u00f3n (MICIN\/AEI) y cuenta con el apoyo de la Facultad de Ciencias Sociales, el Departamento de Sociolog\u00eda y Antropolog\u00eda Social y el Programa de Doctorado en Ciencias Sociales de la Facultad de Ciencias Sociales.<br \/>En esta edici\u00f3n abrimos una llamada a contribuciones para que quienes desde las \u00e1reas afines a esta tem\u00e1tica (ciencias sociales, de la educaci\u00f3n o de la salud) quieran contribuir presentando sus investigaciones en este campo lo hagan enviando un resumen breve (500 palabras) a info@gisbe-uv.es antes del 15 de mayo de 2026.<\/p>\n<p>[\/et_pb_text][\/et_pb_column][\/et_pb_row][\/et_pb_section]<\/p>\n","protected":false},"excerpt":{"rendered":"<p>10 y 11 de junio de 2026 (modalidad h\u00edbrida: presencial y en l\u00ednea). Inscripci\u00f3n gratuita. El Grupo de Investigaci\u00f3n en Salud y Bienestar Escolar (GISBE), en el marco de las actividades del proyecto (Des)ajuste de cronotipo del alumnado y la organizaci\u00f3n del tiempo escolar: sus efectos en la salud, el aprendizaje, el uso del tiempo [&hellip;]<\/p>\n","protected":false},"author":1,"featured_media":0,"parent":0,"menu_order":0,"comment_status":"closed","ping_status":"closed","template":"","meta":{"_et_pb_use_builder":"on","_et_pb_old_content":"","_et_gb_content_width":"","footnotes":""},"class_list":["post-1084","page","type-page","status-publish","hentry"],"_links":{"self":[{"href":"https:\/\/www.gisbe-uv.es\/workshop\/wp-json\/wp\/v2\/pages\/1084","targetHints":{"allow":["GET"]}}],"collection":[{"href":"https:\/\/www.gisbe-uv.es\/workshop\/wp-json\/wp\/v2\/pages"}],"about":[{"href":"https:\/\/www.gisbe-uv.es\/workshop\/wp-json\/wp\/v2\/types\/page"}],"author":[{"embeddable":true,"href":"https:\/\/www.gisbe-uv.es\/workshop\/wp-json\/wp\/v2\/users\/1"}],"replies":[{"embeddable":true,"href":"https:\/\/www.gisbe-uv.es\/workshop\/wp-json\/wp\/v2\/comments?post=1084"}],"version-history":[{"count":4,"href":"https:\/\/www.gisbe-uv.es\/workshop\/wp-json\/wp\/v2\/pages\/1084\/revisions"}],"predecessor-version":[{"id":1091,"href":"https:\/\/www.gisbe-uv.es\/workshop\/wp-json\/wp\/v2\/pages\/1084\/revisions\/1091"}],"wp:attachment":[{"href":"https:\/\/www.gisbe-uv.es\/workshop\/wp-json\/wp\/v2\/media?parent=1084"}],"curies":[{"name":"wp","href":"https:\/\/api.w.org\/{rel}","templated":true}]}}